{"id":101,"date":"2025-12-22T20:24:29","date_gmt":"2025-12-22T20:24:29","guid":{"rendered":"https:\/\/newsoultattoo.ch\/?page_id=101"},"modified":"2025-12-22T20:24:29","modified_gmt":"2025-12-22T20:24:29","slug":"impressum","status":"publish","type":"page","link":"http:\/\/newsoultattoo.ch\/de\/impressum\/","title":{"rendered":"IMPRESSUM"},"content":{"rendered":"<p>Name des Unternehmens:<br>New Soul Tattoo<\/p>\n\n\n\n<p>Adresse:<br>Kanalgasse 5<br>2502 Biel\/Bienne<br>Schweiz<\/p>\n\n\n\n<p>Kontakt:<br>Telefon \/ WhatsApp: 032 322 46 81<\/p>\n\n\n\n<p>Verantwortlich f\u00fcr den Inhalt:<br>Alexis Narv\u00e1ez Garc\u00eda<\/p>\n\n\n\n<p>UID-Nummer:<br>CHE-203.849.091<\/p>\n\n\n\n<p>Haftungsausschluss<br>Trotz sorgf\u00e4ltiger inhaltlicher Kontrolle \u00fcbernehmen wir keine Gew\u00e4hr f\u00fcr die Richtigkeit, Vollst\u00e4ndigkeit oder Aktualit\u00e4t der Inhalte dieser Website.<\/p>\n\n\n\n<p><\/p>","protected":false},"excerpt":{"rendered":"<p>Nom de l\u2019entreprise :New Soul Tattoo Adresse :Kanalgasse 52502 Biel\/BienneSuisse Contact :T\u00e9l\u00e9phone \/ WhatsApp : 032 322 46 81 Responsable du contenu :Alexis Narv\u00e1ez Garc\u00eda Num\u00e9ro IDE (UID) :CHE-203.849.091 Clause de non-responsabilit\u00e9 :Malgr\u00e9 le soin apport\u00e9 \u00e0 la cr\u00e9ation des contenus de ce site web, aucune garantie n\u2019est donn\u00e9e quant \u00e0 leur exactitude, leur exhaustivit\u00e9 [&hellip;]<\/p>\n","protected":false},"author":1,"featured_media":0,"parent":0,"menu_order":0,"comment_status":"closed","ping_status":"closed","template":"","meta":{"footnotes":""},"class_list":["post-101","page","type-page","status-publish","hentry"],"blocksy_meta":[],"_links":{"self":[{"href":"http:\/\/newsoultattoo.ch\/de\/wp-json\/wp\/v2\/pages\/101","targetHints":{"allow":["GET"]}}],"collection":[{"href":"http:\/\/newsoultattoo.ch\/de\/wp-json\/wp\/v2\/pages"}],"about":[{"href":"http:\/\/newsoultattoo.ch\/de\/wp-json\/wp\/v2\/types\/page"}],"author":[{"embeddable":true,"href":"http:\/\/newsoultattoo.ch\/de\/wp-json\/wp\/v2\/users\/1"}],"replies":[{"embeddable":true,"href":"http:\/\/newsoultattoo.ch\/de\/wp-json\/wp\/v2\/comments?post=101"}],"version-history":[{"count":1,"href":"http:\/\/newsoultattoo.ch\/de\/wp-json\/wp\/v2\/pages\/101\/revisions"}],"predecessor-version":[{"id":102,"href":"http:\/\/newsoultattoo.ch\/de\/wp-json\/wp\/v2\/pages\/101\/revisions\/102"}],"wp:attachment":[{"href":"http:\/\/newsoultattoo.ch\/de\/wp-json\/wp\/v2\/media?parent=101"}],"curies":[{"name":"wp","href":"https:\/\/api.w.org\/{rel}","templated":true}]}}